{"id":3487,"date":"2020-12-04T17:28:35","date_gmt":"2020-12-04T16:28:35","guid":{"rendered":"https:\/\/www.atelierlf.com\/?page_id=3487"},"modified":"2021-08-30T17:52:21","modified_gmt":"2021-08-30T16:52:21","slug":"en-cours-de-construction","status":"publish","type":"page","link":"https:\/\/www.atelierlf.com\/en\/en-cours-de-construction\/","title":{"rendered":"Under development"},"content":{"rendered":"<center><p> D\u00e9sol\u00e9e le contenue que vous rechercher est en cours de r\u00e9daction afin de r\u00e9pondre au mieux \u00e0 vos attentes . N&#8217;H\u00e9sitez pas nous suivre sur nos r\u00e9seaux sociaux voir l&#8217;avancement du projet. <\/p><\/center>\n\n\n\n<p class=\"has-text-align-center\">Facebook : <a href=\"https:\/\/www.facebook.com\/atelierLF\" data-type=\"URL\" data-id=\"https:\/\/www.facebook.com\/atelierLF\">@atelierLF<\/a><br>Instagram : <a rel=\"noreferrer noopener\" href=\"https:\/\/www.instagram.com\/atelierlionelfernandes\/\" target=\"_blank\">atelierlionelfernandes<\/a><\/p>\n\n\n\n<div style=\"height:100px\" aria-hidden=\"true\" class=\"wp-block-spacer\"><\/div>\n\n\n\n<figure class=\"wp-block-gallery aligncenter columns-1 is-cropped coblocks-animate wp-block-gallery-1 is-layout-flex wp-block-gallery-is-layout-flex\" data-coblocks-animation=\"slideInRight\"><ul class=\"blocks-gallery-grid\"><li class=\"blocks-gallery-item\"><figure><img loading=\"lazy\" decoding=\"async\" width=\"1920\" height=\"1280\" src=\"https:\/\/www.atelierlf.com\/wp-content\/uploads\/2016\/02\/page-de-maintenance.jpg\" alt=\"\" data-id=\"1116\" data-full-url=\"https:\/\/www.atelierlf.com\/wp-content\/uploads\/2016\/02\/page-de-maintenance.jpg\" data-link=\"https:\/\/www.atelierlf.com\/page-de-maintenance\/\" class=\"wp-image-1116\" srcset=\"https:\/\/www.atelierlf.com\/wp-content\/uploads\/2016\/02\/page-de-maintenance.jpg 1920w, https:\/\/www.atelierlf.com\/wp-content\/uploads\/2016\/02\/page-de-maintenance-300x200.jpg 300w, https:\/\/www.atelierlf.com\/wp-content\/uploads\/2016\/02\/page-de-maintenance-768x512.jpg 768w, https:\/\/www.atelierlf.com\/wp-content\/uploads\/2016\/02\/page-de-maintenance-1024x683.jpg 1024w\" sizes=\"auto, (max-width: 1920px) 100vw, 1920px\" \/><\/figure><\/li><\/ul><\/figure>","protected":false},"excerpt":{"rendered":"<p>D\u00e9sol\u00e9e le contenue que vous rechercher est en cours de r\u00e9daction afin de r\u00e9pondre au mieux \u00e0 vos attentes . N&#8217;H\u00e9sitez pas nous suivre sur nos r\u00e9seaux sociaux voir l&#8217;avancement du projet. Facebook : @atelierLFInstagram[&#8230;]<\/p>\n","protected":false},"author":1,"featured_media":0,"parent":0,"menu_order":0,"comment_status":"closed","ping_status":"closed","template":"","meta":{"_coblocks_attr":"","_coblocks_dimensions":"","_coblocks_responsive_height":"","_coblocks_accordion_ie_support":"","footnotes":""},"class_list":["post-3487","page","type-page","status-publish","hentry"],"_links":{"self":[{"href":"https:\/\/www.atelierlf.com\/en\/wp-json\/wp\/v2\/pages\/3487","targetHints":{"allow":["GET"]}}],"collection":[{"href":"https:\/\/www.atelierlf.com\/en\/wp-json\/wp\/v2\/pages"}],"about":[{"href":"https:\/\/www.atelierlf.com\/en\/wp-json\/wp\/v2\/types\/page"}],"author":[{"embeddable":true,"href":"https:\/\/www.atelierlf.com\/en\/wp-json\/wp\/v2\/users\/1"}],"replies":[{"embeddable":true,"href":"https:\/\/www.atelierlf.com\/en\/wp-json\/wp\/v2\/comments?post=3487"}],"version-history":[{"count":0,"href":"https:\/\/www.atelierlf.com\/en\/wp-json\/wp\/v2\/pages\/3487\/revisions"}],"wp:attachment":[{"href":"https:\/\/www.atelierlf.com\/en\/wp-json\/wp\/v2\/media?parent=3487"}],"curies":[{"name":"wp","href":"https:\/\/api.w.org\/{rel}","templated":true}]}}